{"id":423,"date":"2024-09-02T19:33:05","date_gmt":"2024-09-02T18:33:05","guid":{"rendered":"https:\/\/base.thebluegrow.com\/?page_id=423"},"modified":"2025-09-22T17:59:54","modified_gmt":"2025-09-22T16:59:54","slug":"legal","status":"publish","type":"page","link":"https:\/\/arquitectoentenerife.com\/de\/legal\/","title":{"rendered":"Rechtliches"},"content":{"rendered":"<h2 class=\"wp-block-heading\">RECHTLICHER HINWEIS UND ALLGEMEINE NUTZUNGSBEDINGUNGEN<\/h2>\n\n\n\n<h4 class=\"wp-block-heading\">arquitectoentenerife.com<\/h4>\n\n\n\n<h3 class=\"wp-block-heading\">I. ALLGEMEINE INFORMATIONEN<\/h3>\n\n\n\n<p>In Erf\u00fcllung der Informationspflicht gem\u00e4\u00df dem Gesetz 34\/2002 \u00fcber die Dienste der Informationsgesellschaft und den elektronischen Gesch\u00e4ftsverkehr (LSSI-CE) vom 11. Juli werden im Folgenden die allgemeinen Informationen zu dieser Website gegeben:<\/p>\n\n\n\n<p>Eigent\u00fcmer dieser Website, arquitectoentenerife.com, (im Folgenden Website) ist: ANTONIO PADR\u00d3N AGULLA, mit NIF: B36227783, und dessen Kontaktdaten sind:<\/p>\n\n\n\n<p>Anschrift: CL VALOIS 23 PL:1 Pt:6, 38400, Puerto de la Cruz, Teneriffa, Spanien<\/p>\n\n\n\n<p>Telefonnummer des Ansprechpartners: +34699435026<\/p>\n\n\n\n<p>E-Mail-Kontakt: arquitecto@encargostecnicos.es<\/p>\n\n\n\n<h3 class=\"wp-block-heading\">II. ALLGEMEINE NUTZUNGSBEDINGUNGEN<\/h3>\n\n\n\n<h4 class=\"wp-block-heading\">Der Gegenstand der Bedingungen und Konditionen: Die Website<\/h4>\n\n\n\n<p>Zweck der vorliegenden Allgemeinen Nutzungsbedingungen (im Folgenden Bedingungen) ist es, den Zugang zu und die Nutzung der Website zu regeln. Im Sinne dieser Bedingungen sind unter der Website zu verstehen: das \u00e4u\u00dfere Erscheinungsbild der statischen und dynamischen Bildschirmoberfl\u00e4chen, d. h. der Navigationsbaum, und alle Elemente, die sowohl in die Bildschirmoberfl\u00e4chen als auch in den Navigationsbaum integriert sind (im Folgenden \"Inhalte\"), sowie alle Online-Dienste oder Ressourcen, die den Nutzern angeboten werden k\u00f6nnen (im Folgenden \"Dienste\").<\/p>\n\n\n\n<p>Arquitecto en Tenerife beh\u00e4lt sich das Recht vor, jederzeit und ohne Vorank\u00fcndigung die Pr\u00e4sentation und die Konfiguration der Website sowie die Inhalte und Dienstleistungen, die darin enthalten sein k\u00f6nnen, zu \u00e4ndern. Der Benutzer erkennt an und akzeptiert, dass Arquitecto en Tenerife jederzeit die M\u00f6glichkeit hat, jedes dieser Elemente, die in die Website integriert sind, oder den Zugang dazu zu unterbrechen, zu deaktivieren und\/oder zu l\u00f6schen.<\/p>\n\n\n\n<p>Der Zugang des Nutzers zur Website ist kostenlos und erfolgt in der Regel unentgeltlich, ohne dass der Nutzer daf\u00fcr eine Gegenleistung erbringen muss, mit Ausnahme der Kosten f\u00fcr die Verbindung \u00fcber das Telekommunikationsnetz, die von dem vom Nutzer beauftragten Zugangsanbieter bereitgestellt werden.<\/p>\n\n\n\n<p>Abgesehen von den Kosten f\u00fcr die Verbindung \u00fcber das vom Zugangsanbieter bereitgestellte Telekommunikationsnetz, die der Nutzer vertraglich vereinbart hat, k\u00f6nnen einige der Inhalte oder Dienstleistungen, die von Architect in Tenerife oder gegebenenfalls von Dritten \u00fcber die Website angeboten werden, dem vorherigen Abschluss eines Vertrags \u00fcber den Inhalt oder die Dienstleistung unterliegen; in diesem Fall werden die entsprechenden Allgemeinen oder Besonderen Bedingungen, die dies regeln, deutlich angegeben und\/oder dem Nutzer zur Verf\u00fcgung gestellt.<\/p>\n\n\n\n<p>Die Nutzung von Inhalten oder Diensten der Website kann nur nach vorheriger Anmeldung oder Registrierung des Nutzers erfolgen.<\/p>\n\n\n\n<p>F\u00fcr die Nutzung der Inhalte ist keine vorherige Anmeldung oder Registrierung erforderlich.<\/p>\n\n\n\n<h4 class=\"wp-block-heading\">Der Benutzer<\/h4>\n\n\n\n<p>Der Zugang, das Durchsuchen und die Nutzung der Website sowie der R\u00e4ume, die f\u00fcr die Interaktion zwischen den Nutzern und dem Nutzer und dem Architekten auf Teneriffa zur Verf\u00fcgung stehen, wie z.B. die R\u00e4ume f\u00fcr Kommentare und\/oder Blogs, verleihen dem Nutzer die Eigenschaft eines Nutzers, und daher akzeptiert der Nutzer ab dem Moment, in dem er auf der Website zu surfen beginnt, alle hier festgelegten Bedingungen sowie deren sp\u00e4tere \u00c4nderungen, unbeschadet der Anwendung der entsprechenden gesetzlichen Vorschriften, die gegebenenfalls einzuhalten sind. In Anbetracht der Relevanz des Vorstehenden wird dem Nutzer empfohlen, sie bei jedem Besuch der Website zu lesen.<\/p>\n\n\n\n<p>Die Website von Arquitecto en Tenerife bietet eine breite Palette an Informationen, Dienstleistungen und Daten. Der Nutzer \u00fcbernimmt die Verantwortung f\u00fcr die korrekte Nutzung der Website. Diese Verantwortung erstreckt sich auf:<\/p>\n\n\n\n<ul class=\"wp-block-list\">\n<li>Eine Nutzung der Informationen, Inhalte und\/oder Dienstleistungen und Daten, die von Architect in Tenerife angeboten werden, die nicht gegen die Bestimmungen dieser Bedingungen, das Gesetz, die Moral oder die \u00f6ffentliche Ordnung verst\u00f6\u00dft, oder die in irgendeiner anderen Weise die Rechte Dritter oder den Betrieb der Website beeintr\u00e4chtigt.<\/li>\n\n\n\n<li>Die Richtigkeit und Rechtm\u00e4\u00dfigkeit der Informationen, die der Benutzer in den von Arquitecto en Tenerife ausgestellten Formularen f\u00fcr den Zugang zu bestimmten Inhalten oder Dienstleistungen, die auf der Webseite angeboten werden, angegeben hat. In jedem Fall ist der Benutzer verpflichtet, Arquitecto en Tenerife unverz\u00fcglich \u00fcber jedes Ereignis zu informieren, das eine missbr\u00e4uchliche Verwendung der in den besagten Formularen eingetragenen Informationen erm\u00f6glicht, wie z.B., aber nicht ausschlie\u00dflich, Diebstahl, Verlust oder unbefugter Zugang zu Identifizierungsmerkmalen und\/oder Passw\u00f6rtern, um deren sofortige L\u00f6schung zu veranlassen.<\/li>\n<\/ul>\n\n\n\n<p>Arquitecto en Tenerife beh\u00e4lt sich das Recht vor, alle Kommentare und Beitr\u00e4ge zu entfernen, die gegen das Gesetz, die Achtung der W\u00fcrde der Person versto\u00dfen, die diskriminierend, fremdenfeindlich, rassistisch, pornografisch, spammend sind, die Jugend oder das Kind, die Ordnung oder die \u00f6ffentliche Sicherheit bedrohen oder die seiner Meinung nach nicht zur Ver\u00f6ffentlichung geeignet sind.<\/p>\n\n\n\n<p>In jedem Fall ist Architect in Tenerife nicht verantwortlich f\u00fcr die Meinungen, die von den Nutzern durch Kommentare oder andere Blogging- oder Partizipationstools ge\u00e4u\u00dfert werden, die es m\u00f6glicherweise gibt.<\/p>\n\n\n\n<p>Der blo\u00dfe Zugang zu dieser Website impliziert keine Art von Gesch\u00e4ftsbeziehung zwischen Arquitecto en Tenerife und dem Benutzer.<\/p>\n\n\n\n<p>Der Benutzer erkl\u00e4rt, dass er vollj\u00e4hrig ist und \u00fcber die n\u00f6tige Gesch\u00e4ftsf\u00e4higkeit verf\u00fcgt, um an diese Bedingungen gebunden zu sein. Daher richtet sich diese Website von Arquitecto en Tenerife nicht an Minderj\u00e4hrige. Arquitecto en Tenerife lehnt jede Verantwortung f\u00fcr die Nichteinhaltung dieser Anforderung ab.<\/p>\n\n\n\n<p>In \u00dcbereinstimmung mit der geltenden Gesetzgebung richtet sich diese Website des Architekten von Teneriffa an alle Personen, unabh\u00e4ngig von ihrem Alter, die auf die Seiten der Website zugreifen und\/oder diese durchsuchen k\u00f6nnen.<\/p>\n\n\n\n<p>Die Website richtet sich in erster Linie an Nutzer mit Wohnsitz in . Architect in Tenerife \u00fcbernimmt keine Gew\u00e4hr daf\u00fcr, dass die Website ganz oder teilweise mit den Gesetzen anderer L\u00e4nder \u00fcbereinstimmt. Wenn der Nutzer an einem anderen Ort wohnt oder seinen Wohnsitz hat und beschlie\u00dft, auf die Website zuzugreifen und\/oder sie zu durchsuchen, tut er dies auf eigene Verantwortung und muss sicherstellen, dass dieser Zugang und dieses Durchsuchen mit der f\u00fcr ihn geltenden lokalen Gesetzgebung \u00fcbereinstimmt, und Arquitecto en Tenerife \u00fcbernimmt keinerlei Haftung, die sich aus einem solchen Zugang ergeben k\u00f6nnte.<\/p>\n\n\n\n<h3 class=\"wp-block-heading\">III. ZUGANG UND NAVIGATION AUF DER WEBSITE: AUSSCHLUSS VON GEW\u00c4HRLEISTUNG UND HAFTUNG<\/h3>\n\n\n\n<p>Architect in Tenerife \u00fcbernimmt keine Garantie f\u00fcr die Kontinuit\u00e4t, die Verf\u00fcgbarkeit und die N\u00fctzlichkeit der Website, des Inhalts oder der Dienstleistungen. Architect in Tenerife wird alle Anstrengungen unternehmen, um das ordnungsgem\u00e4\u00dfe Funktionieren der Website zu gew\u00e4hrleisten, ist jedoch nicht daf\u00fcr verantwortlich und garantiert nicht, dass der Zugang zu dieser Website ununterbrochen oder fehlerfrei ist.<\/p>\n\n\n\n<p>Es wird auch nicht daf\u00fcr verantwortlich gemacht oder garantiert, dass der Inhalt oder die Software, auf die \u00fcber diese Website zugegriffen werden kann, frei von Fehlern ist oder Sch\u00e4den am Computersystem (Software und Hardware) des Nutzers verursacht. Unter keinen Umst\u00e4nden haftet Architect in Tenerife f\u00fcr Verluste, Sch\u00e4den oder Beeintr\u00e4chtigungen jeglicher Art, die sich aus dem Zugriff auf die Website, dem Browsen und der Nutzung der Website ergeben, einschlie\u00dflich, aber nicht beschr\u00e4nkt auf Sch\u00e4den an Computersystemen oder Sch\u00e4den, die durch die Einf\u00fchrung von Viren verursacht werden.<\/p>\n\n\n\n<p>Arquitecto en Tenerife haftet auch nicht f\u00fcr Sch\u00e4den, die den Benutzern durch unsachgem\u00e4\u00dfe Nutzung dieser Website entstehen k\u00f6nnen. Insbesondere haftet Arquitecto en Tenerife in keiner Weise f\u00fcr eventuelle St\u00f6rungen, Unterbrechungen, Fehler oder Defekte in der Telekommunikation, die auftreten k\u00f6nnen.<\/p>\n\n\n\n<h3 class=\"wp-block-heading\">IV. KOPPLUNGSPOLITIK<\/h3>\n\n\n\n<p>Wir informieren Sie dar\u00fcber, dass die Website von Arquitecto en Tenerife den Nutzern Mittel zur Verkn\u00fcpfung (wie z.B. Links, Banner, Schaltfl\u00e4chen), Verzeichnisse und Suchmaschinen zur Verf\u00fcgung stellt oder stellen kann, die es den Nutzern erm\u00f6glichen, auf Websites zuzugreifen, die Dritten geh\u00f6ren und\/oder von diesen verwaltet werden.<\/p>\n\n\n\n<p>Die Einrichtung dieser Links, Verzeichnisse und Suchmaschinen auf der Website soll den Nutzern die Suche nach und den Zugang zu den im Internet verf\u00fcgbaren Informationen erleichtern und darf nicht als Anregung, Empfehlung oder Aufforderung zum Besuch dieser Websites verstanden werden.<\/p>\n\n\n\n<p>Arquitecto en Tenerife bietet weder selbst noch \u00fcber Dritte die auf diesen verlinkten Seiten verf\u00fcgbaren Produkte und\/oder Dienstleistungen an oder vermarktet sie.<\/p>\n\n\n\n<p>Arquitecto en Tenerife bietet gesponserte Inhalte, Werbung und\/oder Affiliate-Links an. Die Informationen, die in diesen Affiliate-Links oder den eingef\u00fcgten Anzeigen erscheinen, werden von den Inserenten selbst zur Verf\u00fcgung gestellt, so dass Arquitecto en Tenerife nicht f\u00fcr etwaige Ungenauigkeiten oder Fehler, die die Anzeigen enthalten k\u00f6nnen, verantwortlich ist, noch garantiert es in irgendeiner Weise die Erfahrung, Integrit\u00e4t oder Verantwortung der Inserenten oder die Qualit\u00e4t ihrer Produkte und \/ oder Dienstleistungen.<\/p>\n\n\n\n<p>Sie \u00fcbernimmt auch keine Garantie f\u00fcr die technische Verf\u00fcgbarkeit, Genauigkeit, Richtigkeit, G\u00fcltigkeit oder Rechtm\u00e4\u00dfigkeit von Websites, die nicht in ihrem Besitz sind und auf die \u00fcber die Links zugegriffen werden kann.<\/p>\n\n\n\n<p>Arquitecto en Tenerife \u00fcberpr\u00fcft oder kontrolliert unter keinen Umst\u00e4nden den Inhalt anderer Websites, noch billigt, pr\u00fcft oder unterst\u00fctzt es die Produkte und Dienstleistungen, den Inhalt, die Dateien und jegliches andere Material, das auf den oben genannten verlinkten Websites vorhanden ist.<\/p>\n\n\n\n<p>Arquitecto en Tenerife \u00fcbernimmt keine Verantwortung f\u00fcr Sch\u00e4den, die sich aus dem Zugang, der Nutzung, der Qualit\u00e4t oder der Rechtm\u00e4\u00dfigkeit der Inhalte, Mitteilungen, Meinungen, Produkte und Dienstleistungen von Websites ergeben, die nicht von Arquitecto en Tenerife verwaltet werden und die mit dieser Website verbunden sind.<\/p>\n\n\n\n<p>Der Nutzer oder ein Dritter, der einen Hyperlink von einer anderen Webseite auf die Webseite von Architect in Tenerife setzt, muss sich bewusst sein, dass:<\/p>\n\n\n\n<p>Die Vervielf\u00e4ltigung - ganz oder teilweise - von Inhalten und\/oder Dienstleistungen der Website ist ohne ausdr\u00fcckliche Genehmigung von Architect in Tenerife nicht gestattet.<\/p>\n\n\n\n<p>Es ist nicht gestattet, falsche, ungenaue oder inkorrekte Aussagen \u00fcber die Website von Arquitecto en Tenerife oder \u00fcber die Inhalte und\/oder Dienstleistungen derselben zu machen.<\/p>\n\n\n\n<p>Mit Ausnahme des Hyperlinks darf die Website, auf der der Hyperlink eingerichtet ist, keine Elemente dieser Website enthalten, die nach spanischem Recht als geistiges Eigentum gesch\u00fctzt sind, es sei denn, dies wurde von Arquitecto en Tenerife ausdr\u00fccklich genehmigt.<\/p>\n\n\n\n<p>Die Einrichtung des Hyperlinks impliziert weder das Bestehen einer Beziehung zwischen Arquitecto en Tenerife und dem Eigent\u00fcmer der Website, von der aus er hergestellt wird, noch die Kenntnis und Akzeptanz der Inhalte, Dienstleistungen und\/oder Aktivit\u00e4ten, die auf der besagten Website angeboten werden, durch Arquitecto en Tenerife, und umgekehrt.<\/p>\n\n\n\n<h3 class=\"wp-block-heading\">V. GEISTIGES UND GEWERBLICHES EIGENTUM<\/h3>\n\n\n\n<p>Arquitecto en Tenerife ist selbst oder als Bevollm\u00e4chtigter Eigent\u00fcmer aller geistigen und gewerblichen Eigentumsrechte an der Website sowie an den darin enthaltenen Elementen (einschlie\u00dflich, aber nicht beschr\u00e4nkt auf Bilder, Ton, Audio, Video, Software oder Texte, Marken oder Logos, Farbkombinationen, Struktur und Design, Auswahl der verwendeten Materialien, Computerprogramme, die f\u00fcr den Betrieb, den Zugang und die Nutzung erforderlich sind, usw.). Es handelt sich also um Werke, die als geistiges Eigentum durch das spanische Rechtssystem gesch\u00fctzt sind, da auf sie sowohl die spanischen und gemeinschaftlichen Vorschriften in diesem Bereich als auch die von Spanien unterzeichneten internationalen Vertr\u00e4ge in diesem Bereich anwendbar sind.<\/p>\n\n\n\n<p>Alle Rechte vorbehalten. Gem\u00e4\u00df den Bestimmungen des Gesetzes zum Schutz des geistigen Eigentums ist die Vervielf\u00e4ltigung, Verbreitung und \u00f6ffentliche Wiedergabe, einschlie\u00dflich der Bereitstellung, des gesamten oder eines Teils des Inhalts dieser Website zu kommerziellen Zwecken in jedem Medium und mit allen technischen Mitteln ohne die Genehmigung von Arquitecto en Tenerife ausdr\u00fccklich verboten.<\/p>\n\n\n\n<p>Der Benutzer verpflichtet sich, die geistigen und gewerblichen Eigentumsrechte von Arquitecto en Tenerife zu respektieren. Sie d\u00fcrfen die Elemente der Website ansehen oder sogar ausdrucken, kopieren und auf der Festplatte Ihres Computers oder einem anderen physischen Medium speichern, vorausgesetzt, dass dies ausschlie\u00dflich f\u00fcr Ihren pers\u00f6nlichen Gebrauch geschieht. Der Benutzer darf jedoch keine auf der Website installierten Schutzvorrichtungen oder Sicherheitssysteme entfernen, ver\u00e4ndern oder manipulieren.<\/p>\n\n\n\n<p>Sollte der Nutzer oder ein Dritter der Ansicht sein, dass einer der Inhalte der Website eine Verletzung der Rechte zum Schutz des geistigen Eigentums darstellt, muss er\/sie unverz\u00fcglich Architect in Tenerife \u00fcber die Kontaktdaten im Abschnitt ALLGEMEINE INFORMATIONEN dieses rechtlichen Hinweises und der allgemeinen Nutzungsbedingungen informieren.<\/p>\n\n\n\n<h3 class=\"wp-block-heading\">VI. GERICHTSVERFAHREN, ANWENDBARES RECHT UND GERICHTSBARKEIT<\/h3>\n\n\n\n<p>Arquitecto en Tenerife beh\u00e4lt sich das Recht vor, alle zivil- oder strafrechtlichen Schritte einzuleiten, die es f\u00fcr notwendig erachtet, wenn die Website und ihre Inhalte missbr\u00e4uchlich genutzt werden oder wenn gegen die vorliegenden Bedingungen versto\u00dfen wird.<\/p>\n\n\n\n<p>Die Beziehung zwischen dem Benutzer und Arquitecto en Tenerife unterliegt den geltenden und auf spanischem Gebiet anwendbaren Vorschriften. Im Falle von Streitigkeiten in Bezug auf die Auslegung und\/oder Anwendung der vorliegenden Bedingungen unterwerfen die Parteien ihre Konflikte der ordentlichen Gerichtsbarkeit, indem sie sich den Richtern und Gerichten unterwerfen, die dem Gesetz entsprechen.<\/p>\n\n\n\n<p>Das vorliegende Dokument mit den rechtlichen Hinweisen und den allgemeinen Nutzungsbedingungen der Website wurde mit Hilfe des Generators von <a href=\"https:\/\/textos-legales.edgartamarit.com\/\" rel=\"nofollow noopener\" target=\"_blank\">Vorlage Rechtshinweis und Nutzungsbedingungen<\/a> online am 22\/09\/2025.<\/p>","protected":false},"excerpt":{"rendered":"<p>AVISO LEGAL Y CONDICIONES GENERALES DE USO arquitectoentenerife.com I. INFORMACI\u00d3N GENERAL En cumplimiento con el deber de informaci\u00f3n dispuesto en la Ley 34\/2002 de Servicios de la Sociedad de la Informaci\u00f3n y el Comercio Electr\u00f3nico (LSSI-CE) de 11 de julio, se facilitan a continuaci\u00f3n los siguientes datos de informaci\u00f3n general de este sitio web: La [&hellip;]<\/p>\n","protected":false},"author":2,"featured_media":0,"parent":0,"menu_order":0,"comment_status":"closed","ping_status":"closed","template":"","meta":{"_acf_changed":false,"footnotes":""},"class_list":["post-423","page","type-page","status-publish","hentry"],"acf":[],"_links":{"self":[{"href":"https:\/\/arquitectoentenerife.com\/de\/wp-json\/wp\/v2\/pages\/423","targetHints":{"allow":["GET"]}}],"collection":[{"href":"https:\/\/arquitectoentenerife.com\/de\/wp-json\/wp\/v2\/pages"}],"about":[{"href":"https:\/\/arquitectoentenerife.com\/de\/wp-json\/wp\/v2\/types\/page"}],"author":[{"embeddable":true,"href":"https:\/\/arquitectoentenerife.com\/de\/wp-json\/wp\/v2\/users\/2"}],"replies":[{"embeddable":true,"href":"https:\/\/arquitectoentenerife.com\/de\/wp-json\/wp\/v2\/comments?post=423"}],"version-history":[{"count":1,"href":"https:\/\/arquitectoentenerife.com\/de\/wp-json\/wp\/v2\/pages\/423\/revisions"}],"predecessor-version":[{"id":802,"href":"https:\/\/arquitectoentenerife.com\/de\/wp-json\/wp\/v2\/pages\/423\/revisions\/802"}],"wp:attachment":[{"href":"https:\/\/arquitectoentenerife.com\/de\/wp-json\/wp\/v2\/media?parent=423"}],"curies":[{"name":"wp","href":"https:\/\/api.w.org\/{rel}","templated":true}]}}